{"id":3295,"date":"2026-02-23T12:46:38","date_gmt":"2026-02-23T17:46:38","guid":{"rendered":"https:\/\/newhopendg.com\/?page_id=3295"},"modified":"2026-03-17T15:39:47","modified_gmt":"2026-03-17T19:39:47","slug":"day-programming","status":"publish","type":"page","link":"https:\/\/newhopendg.com\/fr\/programs\/day-programming\/","title":{"rendered":"Programmation de jour"},"content":{"rendered":"<div data-elementor-type=\"wp-page\" data-elementor-id=\"3295\" class=\"elementor elementor-3295\">\n\t\t\t\t<div class=\"elementor-element elementor-element-f275407 e-flex e-con-boxed e-con e-parent\" data-id=\"f275407\" data-element_type=\"container\" data-e-type=\"container\">\n\t\t\t\t\t<div class=\"e-con-inner\">\n\t\t\t\t<div class=\"elementor-element elementor-element-9a69875 elementor-widget elementor-widget-image\" data-id=\"9a69875\" data-element_type=\"widget\" data-e-type=\"widget\" data-widget_type=\"image.default\">\n\t\t\t\t<div class=\"elementor-widget-container\">\n\t\t\t\t\t\t\t\t\t\t\t\t\t\t\t<img fetchpriority=\"high\" decoding=\"async\" width=\"1030\" height=\"435\" src=\"https:\/\/newhopendg.com\/wp-content\/uploads\/2021\/08\/header_activities2-1030x435.jpg\" class=\"attachment-large size-large wp-image-1202\" alt=\"\" srcset=\"https:\/\/newhopendg.com\/wp-content\/uploads\/2021\/08\/header_activities2-1030x435.jpg 1030w, https:\/\/newhopendg.com\/wp-content\/uploads\/2021\/08\/header_activities2-300x127.jpg 300w, https:\/\/newhopendg.com\/wp-content\/uploads\/2021\/08\/header_activities2-768x324.jpg 768w, https:\/\/newhopendg.com\/wp-content\/uploads\/2021\/08\/header_activities2-705x298.jpg 705w, https:\/\/newhopendg.com\/wp-content\/uploads\/2021\/08\/header_activities2.jpg 1075w\" sizes=\"(max-width: 1030px) 100vw, 1030px\" \/>\t\t\t\t\t\t\t\t\t\t\t\t\t\t\t<\/div>\n\t\t\t\t<\/div>\n\t\t\t\t\t<\/div>\n\t\t\t\t<\/div>\n\t\t<div class=\"elementor-element elementor-element-e232a0a e-flex e-con-boxed e-con e-parent\" data-id=\"e232a0a\" data-element_type=\"container\" data-e-type=\"container\">\n\t\t\t\t\t<div class=\"e-con-inner\">\n\t\t\t\t<div class=\"elementor-element elementor-element-b6f845f elementor-widget elementor-widget-heading\" data-id=\"b6f845f\" data-element_type=\"widget\" data-e-type=\"widget\" data-widget_type=\"heading.default\">\n\t\t\t\t<div class=\"elementor-widget-container\">\n\t\t\t\t\t<h2 class=\"elementor-heading-title elementor-size-default\">COURS<\/h2>\t\t\t\t<\/div>\n\t\t\t\t<\/div>\n\t\t\t\t\t<\/div>\n\t\t\t\t<\/div>\n\t\t<div class=\"elementor-element elementor-element-8b21b44 e-flex e-con-boxed e-con e-parent\" data-id=\"8b21b44\" data-element_type=\"container\" data-e-type=\"container\">\n\t\t\t\t\t<div class=\"e-con-inner\">\n\t\t<div class=\"elementor-element elementor-element-dbd6eed e-con-full e-flex e-con e-child\" data-id=\"dbd6eed\" data-element_type=\"container\" data-e-type=\"container\">\n\t\t\t\t<div class=\"elementor-element elementor-element-f94e065 elementor-widget elementor-widget-text-editor\" data-id=\"f94e065\" data-element_type=\"widget\" data-e-type=\"widget\" data-widget_type=\"text-editor.default\">\n\t\t\t\t<div class=\"elementor-widget-container\">\n\t\t\t\t\t\t\t\t\t<p><strong>Espoir Nouveau offre une vari\u00e9t\u00e9 de cours et d\u2019activit\u00e9s selon un horaire trimestriel, la plupart des cours durant de 6 \u00e0 12 semaines. Ceux\u2011ci comprennent des programmes physiques, cr\u00e9atifs et sociaux qui favorisent le mieux\u2011\u00eatre et le lien communautaire.<\/strong><\/p>\t\t\t\t\t\t\t\t<\/div>\n\t\t\t\t<\/div>\n\t\t\t\t<\/div>\n\t\t\t\t\t<\/div>\n\t\t\t\t<\/div>\n\t\t<div class=\"elementor-element elementor-element-a0ba21a e-flex e-con-boxed e-con e-parent\" data-id=\"a0ba21a\" data-element_type=\"container\" data-e-type=\"container\">\n\t\t\t\t\t<div class=\"e-con-inner\">\n\t\t<div class=\"elementor-element elementor-element-34ed3ac e-con-full e-flex e-con e-child\" data-id=\"34ed3ac\" data-element_type=\"container\" data-e-type=\"container\">\n\t\t\t\t<div class=\"elementor-element elementor-element-36f7971 elementor-widget elementor-widget-text-editor\" data-id=\"36f7971\" data-element_type=\"widget\" data-e-type=\"widget\" data-widget_type=\"text-editor.default\">\n\t\t\t\t<div class=\"elementor-widget-container\">\n\t\t\t\t\t\t\t\t\t<h3>Adh\u00e9sion \u2014 Renseignements<\/h3><p class=\"translation-block\">Une adh\u00e9sion annuelle est requise pour acc\u00e9der \u00e0 toute la programmation de jour et pour s\u2019inscrire aux cours. \u00c0 compter de janvier, <strong>le co\u00fbt de l\u2019adh\u00e9sion est de 12 $ par ann\u00e9e<\/strong>.<\/p>\t\t\t\t\t\t\t\t<\/div>\n\t\t\t\t<\/div>\n\t\t\t\t<div class=\"elementor-element elementor-element-78dc5a7 elementor-align-center elementor-widget elementor-widget-button\" data-id=\"78dc5a7\" data-element_type=\"widget\" data-e-type=\"widget\" data-widget_type=\"button.default\">\n\t\t\t\t<div class=\"elementor-widget-container\">\n\t\t\t\t\t\t\t\t\t<div class=\"elementor-button-wrapper\">\n\t\t\t\t\t<a class=\"elementor-button elementor-button-link elementor-size-sm\" href=\"https:\/\/forms.office.com\/Pages\/ResponsePage.aspx?id=0dvYioBG00GO4ACWx5y_g_VS7nowDBxKkaHc_n4jrslUOTFKN04xMFpJWkJQNk9ZM1Q2WE5SV1RWTi4u\" target=\"_blank\">\n\t\t\t\t\t\t<span class=\"elementor-button-content-wrapper\">\n\t\t\t\t\t\t\t\t\t<span class=\"elementor-button-text\">Devenir membre d'Espoir Nouveau<\/span>\n\t\t\t\t\t<\/span>\n\t\t\t\t\t<\/a>\n\t\t\t\t<\/div>\n\t\t\t\t\t\t\t\t<\/div>\n\t\t\t\t<\/div>\n\t\t\t\t<\/div>\n\t\t\t\t\t<\/div>\n\t\t\t\t<\/div>\n\t\t<div class=\"elementor-element elementor-element-0770be8 e-flex e-con-boxed e-con e-parent\" data-id=\"0770be8\" data-element_type=\"container\" data-e-type=\"container\">\n\t\t\t\t\t<div class=\"e-con-inner\">\n\t\t<div class=\"elementor-element elementor-element-f8dadae e-con-full e-flex e-con e-child\" data-id=\"f8dadae\" data-element_type=\"container\" data-e-type=\"container\">\n\t\t\t\t<div class=\"elementor-element elementor-element-f1588df elementor-widget elementor-widget-text-editor\" data-id=\"f1588df\" data-element_type=\"widget\" data-e-type=\"widget\" data-widget_type=\"text-editor.default\">\n\t\t\t\t<div class=\"elementor-widget-container\">\n\t\t\t\t\t\t\t\t\t<h3>Lundi et mercredi (sans inscription)<\/h3><p class=\"translation-block\"><p><strong>Les lundis et mercredis, aucune inscription n\u2019est requise<\/strong>\u202f; ces journ\u00e9es fonctionnent enti\u00e8rement en mode libre acc\u00e8s pour les membres. Les participants profitent d\u2019un d\u00eener maison trois services, ainsi que d\u2019activit\u00e9s d\u2019exercice et de socialisation, le tout \u00e0 un tarif abordable. Un service de transport est offert aux r\u00e9sidents de NDG qui en ont besoin. Une fois par mois, le programme propose un <strong>\u00ab\u202fMercredi de fous\u00bb<\/strong> avec une activit\u00e9 sp\u00e9ciale gratuite en apr\u00e8s-midi apr\u00e8s le d\u00eener.<\/p><\/p>\t\t\t\t\t\t\t\t<\/div>\n\t\t\t\t<\/div>\n\t\t\t\t<div class=\"elementor-element elementor-element-4a6e316 elementor-align-center elementor-widget elementor-widget-button\" data-id=\"4a6e316\" data-element_type=\"widget\" data-e-type=\"widget\" data-widget_type=\"button.default\">\n\t\t\t\t<div class=\"elementor-widget-container\">\n\t\t\t\t\t\t\t\t\t<div class=\"elementor-button-wrapper\">\n\t\t\t\t\t<a class=\"elementor-button elementor-button-link elementor-size-sm\" href=\"https:\/\/forms.office.com\/Pages\/ResponsePage.aspx?id=0dvYioBG00GO4ACWx5y_g_VS7nowDBxKkaHc_n4jrslUNEEyVFMwRzZOUlNTRktDOVBaVEI4MTRFVS4u\" target=\"_blank\">\n\t\t\t\t\t\t<span class=\"elementor-button-content-wrapper\">\n\t\t\t\t\t\t\t\t\t<span class=\"elementor-button-text\">Inscription aux \u00e9v\u00e9nements du mois de la programmation de jour<\/span>\n\t\t\t\t\t<\/span>\n\t\t\t\t\t<\/a>\n\t\t\t\t<\/div>\n\t\t\t\t\t\t\t\t<\/div>\n\t\t\t\t<\/div>\n\t\t\t\t<\/div>\n\t\t<div class=\"elementor-element elementor-element-3ec2038 e-con-full e-flex e-con e-child\" data-id=\"3ec2038\" data-element_type=\"container\" data-e-type=\"container\">\n\t\t\t\t<div class=\"elementor-element elementor-element-8923109 elementor-widget elementor-widget-text-editor\" data-id=\"8923109\" data-element_type=\"widget\" data-e-type=\"widget\" data-widget_type=\"text-editor.default\">\n\t\t\t\t<div class=\"elementor-widget-container\">\n\t\t\t\t\t\t\t\t\t<h3>Mardi et jeudi (sur inscription)<\/h3><p class=\"translation-block\"><p><strong>Les mardis et jeudis<\/strong>, nous offrons une s\u00e9lection dynamique de cours physiques et artistiques. Ces sessions s\u2019\u00e9talent sur 4 \u00e0 6 semaines ou 6 \u00e0 12 semaines selon le trimestre. <strong>L\u2019inscription et le paiement sont requis pendant les p\u00e9riodes d\u2019inscription d\u00e9sign\u00e9es.<\/strong><\/p><\/p>\t\t\t\t\t\t\t\t<\/div>\n\t\t\t\t<\/div>\n\t\t\t\t<div class=\"elementor-element elementor-element-f1ab886 elementor-align-center elementor-widget elementor-widget-button\" data-id=\"f1ab886\" data-element_type=\"widget\" data-e-type=\"widget\" data-widget_type=\"button.default\">\n\t\t\t\t<div class=\"elementor-widget-container\">\n\t\t\t\t\t\t\t\t\t<div class=\"elementor-button-wrapper\">\n\t\t\t\t\t<a class=\"elementor-button elementor-button-link elementor-size-sm\" href=\"#March3\">\n\t\t\t\t\t\t<span class=\"elementor-button-content-wrapper\">\n\t\t\t\t\t\t\t\t\t<span class=\"elementor-button-text\">Acc\u00e9der aux renseignements sur l\u2019inscription \u00e0 la prochaine session<\/span>\n\t\t\t\t\t<\/span>\n\t\t\t\t\t<\/a>\n\t\t\t\t<\/div>\n\t\t\t\t\t\t\t\t<\/div>\n\t\t\t\t<\/div>\n\t\t\t\t<\/div>\n\t\t\t\t\t<\/div>\n\t\t\t\t<\/div>\n\t\t<div class=\"elementor-element elementor-element-f73a31d e-flex e-con-boxed e-con e-parent\" data-id=\"f73a31d\" data-element_type=\"container\" data-e-type=\"container\">\n\t\t\t\t\t<div class=\"e-con-inner\">\n\t\t\t\t<div class=\"elementor-element elementor-element-6c997bd elementor-widget elementor-widget-spacer\" data-id=\"6c997bd\" data-element_type=\"widget\" data-e-type=\"widget\" data-widget_type=\"spacer.default\">\n\t\t\t\t<div class=\"elementor-widget-container\">\n\t\t\t\t\t\t\t<div class=\"elementor-spacer\">\n\t\t\t<div class=\"elementor-spacer-inner\"><\/div>\n\t\t<\/div>\n\t\t\t\t\t\t<\/div>\n\t\t\t\t<\/div>\n\t\t<div class=\"elementor-element elementor-element-ee3ff7d e-con-full elementor-hidden-desktop elementor-hidden-tablet e-flex e-con e-child\" data-id=\"ee3ff7d\" data-element_type=\"container\" data-e-type=\"container\">\n\t\t\t\t<div class=\"elementor-element elementor-element-f26b0fd elementor-widget elementor-widget-image\" data-id=\"f26b0fd\" data-element_type=\"widget\" data-e-type=\"widget\" data-widget_type=\"image.default\">\n\t\t\t\t<div class=\"elementor-widget-container\">\n\t\t\t\t\t\t\t\t\t\t\t\t\t\t\t<img decoding=\"async\" width=\"938\" height=\"500\" src=\"https:\/\/newhopendg.com\/wp-content\/uploads\/2025\/11\/logo-transformation-2.png\" class=\"attachment-large size-large wp-image-2844\" alt=\"\" srcset=\"https:\/\/newhopendg.com\/wp-content\/uploads\/2025\/11\/logo-transformation-2.png 938w, https:\/\/newhopendg.com\/wp-content\/uploads\/2025\/11\/logo-transformation-2-300x160.png 300w, https:\/\/newhopendg.com\/wp-content\/uploads\/2025\/11\/logo-transformation-2-768x409.png 768w, https:\/\/newhopendg.com\/wp-content\/uploads\/2025\/11\/logo-transformation-2-18x10.png 18w, https:\/\/newhopendg.com\/wp-content\/uploads\/2025\/11\/logo-transformation-2-705x376.png 705w\" sizes=\"(max-width: 938px) 100vw, 938px\" \/>\t\t\t\t\t\t\t\t\t\t\t\t\t\t\t<\/div>\n\t\t\t\t<\/div>\n\t\t\t\t<\/div>\n\t\t\t\t\t<\/div>\n\t\t\t\t<\/div>\n\t\t<div class=\"elementor-element elementor-element-7fe6fb4 e-flex e-con-boxed e-con e-parent\" data-id=\"7fe6fb4\" data-element_type=\"container\" data-e-type=\"container\">\n\t\t\t\t\t<div class=\"e-con-inner\">\n\t\t\t\t<div class=\"elementor-element elementor-element-3f4e465 elementor-widget__width-initial elementor-widget-mobile__width-inherit elementor-hidden-mobile elementor-widget elementor-widget-image\" data-id=\"3f4e465\" data-element_type=\"widget\" data-e-type=\"widget\" data-widget_type=\"image.default\">\n\t\t\t\t<div class=\"elementor-widget-container\">\n\t\t\t\t\t\t\t\t\t\t\t\t\t\t\t<img decoding=\"async\" width=\"938\" height=\"500\" src=\"https:\/\/newhopendg.com\/wp-content\/uploads\/2025\/11\/logo-transformation-2.png\" class=\"elementor-animation-wobble-to-top-right attachment-full size-full wp-image-2844\" alt=\"\" srcset=\"https:\/\/newhopendg.com\/wp-content\/uploads\/2025\/11\/logo-transformation-2.png 938w, https:\/\/newhopendg.com\/wp-content\/uploads\/2025\/11\/logo-transformation-2-300x160.png 300w, https:\/\/newhopendg.com\/wp-content\/uploads\/2025\/11\/logo-transformation-2-768x409.png 768w, https:\/\/newhopendg.com\/wp-content\/uploads\/2025\/11\/logo-transformation-2-18x10.png 18w, https:\/\/newhopendg.com\/wp-content\/uploads\/2025\/11\/logo-transformation-2-705x376.png 705w\" sizes=\"(max-width: 938px) 100vw, 938px\" \/>\t\t\t\t\t\t\t\t\t\t\t\t\t\t\t<\/div>\n\t\t\t\t<\/div>\n\t\t\t\t<div class=\"elementor-element elementor-element-f7756bb elementor-widget__width-inherit elementor-widget elementor-widget-text-editor\" data-id=\"f7756bb\" data-element_type=\"widget\" data-e-type=\"widget\" data-widget_type=\"text-editor.default\">\n\t\t\t\t<div class=\"elementor-widget-container\">\n\t\t\t\t\t\t\t\t\t<h3>Transport \u2013 Service aux membres<\/h3><p class=\"translation-block\">Le service de transport est offert aux <strong>r\u00e9sidents de NDG ayant des obstacles \u00e0 l\u2019accessibilit\u00e9<\/strong> les lundis et mercredis, au co\u00fbt de 2 $ pour l\u2019aller\u2011retour. Pour vous inscrire au service de transport, veuillez communiquer avec <strong>Oneisha au 514\u2011484\u20110425 poste 1 ou \u00e0 dayprograms@newhopendg.com.<\/strong><\/p>\t\t\t\t\t\t\t\t<\/div>\n\t\t\t\t<\/div>\n\t\t\t\t\t<\/div>\n\t\t\t\t<\/div>\n\t\t<div class=\"elementor-element elementor-element-1327d24 e-flex e-con-boxed e-con e-parent\" data-id=\"1327d24\" data-element_type=\"container\" data-e-type=\"container\" id=\"March3\">\n\t\t\t\t\t<div class=\"e-con-inner\">\n\t\t\t\t<div class=\"elementor-element elementor-element-b64e645 elementor-widget elementor-widget-spacer\" data-id=\"b64e645\" data-element_type=\"widget\" data-e-type=\"widget\" data-widget_type=\"spacer.default\">\n\t\t\t\t<div class=\"elementor-widget-container\">\n\t\t\t\t\t\t\t<div class=\"elementor-spacer\">\n\t\t\t<div class=\"elementor-spacer-inner\"><\/div>\n\t\t<\/div>\n\t\t\t\t\t\t<\/div>\n\t\t\t\t<\/div>\n\t\t\t\t<div class=\"elementor-element elementor-element-526fa4a elementor-widget elementor-widget-heading\" data-id=\"526fa4a\" data-element_type=\"widget\" data-e-type=\"widget\" id=\"March1\" data-widget_type=\"heading.default\">\n\t\t\t\t<div class=\"elementor-widget-container\">\n\t\t\t\t\t<h2 class=\"elementor-heading-title elementor-size-default\">Mardi et jeudi: s\u00e9ssion printemps 2026<\/h2>\t\t\t\t<\/div>\n\t\t\t\t<\/div>\n\t\t<div class=\"elementor-element elementor-element-5e2b19e e-con-full e-flex e-con e-child\" data-id=\"5e2b19e\" data-element_type=\"container\" data-e-type=\"container\">\n\t\t\t\t<div class=\"elementor-element elementor-element-77f7144 elementor-widget elementor-widget-text-editor\" data-id=\"77f7144\" data-element_type=\"widget\" data-e-type=\"widget\" data-widget_type=\"text-editor.default\">\n\t\t\t\t<div class=\"elementor-widget-container\">\n\t\t\t\t\t\t\t\t\t<p class=\"translation-block\"><p>L\u2019inscription aux activit\u00e9s des <strong>mardis et jeudis<\/strong> \u2013 Session du printemps \u2013 ouvrira le <strong>24 mars \u00e0 9 h<\/strong>. La session d\u00e9butera le 7 avril et se terminera le 11 juin.<\/p><\/p><p><strong>Nous communiquerons avec vous pour confirmer votre inscription.<\/strong><\/p><div><p><strong>Il y a deux fa\u00e7ons de s\u2019inscrire<\/strong><\/p><\/div>\t\t\t\t\t\t\t\t<\/div>\n\t\t\t\t<\/div>\n\t\t\t\t<\/div>\n\t\t\t\t\t<\/div>\n\t\t\t\t<\/div>\n\t\t<div class=\"elementor-element elementor-element-7e19666 e-flex e-con-boxed e-con e-parent\" data-id=\"7e19666\" data-element_type=\"container\" data-e-type=\"container\">\n\t\t\t\t\t<div class=\"e-con-inner\">\n\t\t<div class=\"elementor-element elementor-element-a44ebfa e-con-full e-flex e-con e-child\" data-id=\"a44ebfa\" data-element_type=\"container\" data-e-type=\"container\">\n\t\t\t\t<div class=\"elementor-element elementor-element-e9942dc elementor-widget elementor-widget-text-editor\" data-id=\"e9942dc\" data-element_type=\"widget\" data-e-type=\"widget\" data-widget_type=\"text-editor.default\">\n\t\t\t\t<div class=\"elementor-widget-container\">\n\t\t\t\t\t\t\t\t\t<h2>Par t\u00e9l\u00e9phone:<\/h2><p class=\"translation-block\"><p>\u00c0 compter du 24 mars \u00e0 9 h, <strong>vous pouvez composer le 1\u2011800\u2011613\u20111732<\/strong> et laisser un message avec votre <strong>pr\u00e9nom et nom, votre num\u00e9ro de t\u00e9l\u00e9phone, ainsi que les cours ou programmes auxquels vous souhaitez vous inscrire<\/strong>. Lorsque vous laissez un message, veuillez parler clairement et inclure toutes les informations demand\u00e9es.<\/p><\/p>\t\t\t\t\t\t\t\t<\/div>\n\t\t\t\t<\/div>\n\t\t\t\t<div class=\"elementor-element elementor-element-ec344cf elementor-align-center elementor-widget elementor-widget-button\" data-id=\"ec344cf\" data-element_type=\"widget\" data-e-type=\"widget\" data-widget_type=\"button.default\">\n\t\t\t\t<div class=\"elementor-widget-container\">\n\t\t\t\t\t\t\t\t\t<div class=\"elementor-button-wrapper\">\n\t\t\t\t\t<a class=\"elementor-button elementor-button-link elementor-size-sm\" href=\"tel:18006131732\">\n\t\t\t\t\t\t<span class=\"elementor-button-content-wrapper\">\n\t\t\t\t\t\t\t\t\t<span class=\"elementor-button-text\">Appeler: 1-800-613-1732<\/span>\n\t\t\t\t\t<\/span>\n\t\t\t\t\t<\/a>\n\t\t\t\t<\/div>\n\t\t\t\t\t\t\t\t<\/div>\n\t\t\t\t<\/div>\n\t\t\t\t<\/div>\n\t\t<div class=\"elementor-element elementor-element-2f3c29e e-con-full e-flex e-con e-child\" data-id=\"2f3c29e\" data-element_type=\"container\" data-e-type=\"container\">\n\t\t\t\t<div class=\"elementor-element elementor-element-5a3206b elementor-widget elementor-widget-text-editor\" data-id=\"5a3206b\" data-element_type=\"widget\" data-e-type=\"widget\" data-widget_type=\"text-editor.default\">\n\t\t\t\t<div class=\"elementor-widget-container\">\n\t\t\t\t\t\t\t\t\t<h2>En ligne:<\/h2><p class=\"translation-block\">Vous pouvez cliquer sur le bouton ci\u2011dessous pour compl\u00e9ter votre <strong>inscription en ligne d\u00e8s qu\u2019il sera disponible.<\/strong> Toute inscription soumise avant le 24 mars ne sera pas accept\u00e9e.<\/p>\t\t\t\t\t\t\t\t<\/div>\n\t\t\t\t<\/div>\n\t\t\t\t<div class=\"elementor-element elementor-element-9d150af elementor-align-center elementor-widget elementor-widget-button\" data-id=\"9d150af\" data-element_type=\"widget\" data-e-type=\"widget\" data-widget_type=\"button.default\">\n\t\t\t\t<div class=\"elementor-widget-container\">\n\t\t\t\t\t\t\t\t\t<div class=\"elementor-button-wrapper\">\n\t\t\t\t\t<a class=\"elementor-button elementor-button-link elementor-size-sm\" href=\"https:\/\/forms.office.com\/Pages\/ResponsePage.aspx?id=0dvYioBG00GO4ACWx5y_g_VS7nowDBxKkaHc_n4jrslUNENJWENBRzAxRzhBWTdNQkxHWTlJMldDVi4u\">\n\t\t\t\t\t\t<span class=\"elementor-button-content-wrapper\">\n\t\t\t\t\t\t\t\t\t<span class=\"elementor-button-text\">Cliquez ici pour vous inscrire \u00e0 la session du printemps 2026<\/span>\n\t\t\t\t\t<\/span>\n\t\t\t\t\t<\/a>\n\t\t\t\t<\/div>\n\t\t\t\t\t\t\t\t<\/div>\n\t\t\t\t<\/div>\n\t\t\t\t<\/div>\n\t\t\t\t\t<\/div>\n\t\t\t\t<\/div>\n\t\t<div class=\"elementor-element elementor-element-7350f43 e-flex e-con-boxed e-con e-parent\" data-id=\"7350f43\" data-element_type=\"container\" data-e-type=\"container\">\n\t\t\t\t\t<div class=\"e-con-inner\">\n\t\t<div class=\"elementor-element elementor-element-e5c336d e-con-full e-flex e-con e-child\" data-id=\"e5c336d\" data-element_type=\"container\" data-e-type=\"container\">\n\t\t\t\t<div class=\"elementor-element elementor-element-f54f0c3 elementor-widget elementor-widget-text-editor\" data-id=\"f54f0c3\" data-element_type=\"widget\" data-e-type=\"widget\" data-widget_type=\"text-editor.default\">\n\t\t\t\t<div class=\"elementor-widget-container\">\n\t\t\t\t\t\t\t\t\t<h2>M\u00e9thodes de paiement<\/h2><p class=\"translation-block\">\u2013 Payez en personne lors de votre premier cours en utilisant <strong>argent comptant ou carte D\u00e9bit Interac<\/strong><br>\n\u2013 Envoyez un <strong>virement Interac<\/strong> (<a href=\"https:\/\/newhopendg.com\/wp-content\/uploads\/2025\/11\/INTERACT-EN-scaled.png\" target=\"_blank\" rel=\"noopener\" class=\"lightbox-added\">cliquez ici pour les d\u00e9tails<\/a>)<br>\n\u2013 Payez par <strong>ch\u00e8que<\/strong> libell\u00e9 \u00e0 l\u2019ordre du Centre pour personnes \u00e2g\u00e9es Espoir Nouveau<\/p><p><strong>Nous vous rappellerons au long de la semaine suivante pour confirmer votre inscription.<\/strong><\/p>\t\t\t\t\t\t\t\t<\/div>\n\t\t\t\t<\/div>\n\t\t\t\t<\/div>\n\t\t\t\t\t<\/div>\n\t\t\t\t<\/div>\n\t\t<div class=\"elementor-element elementor-element-96e53e9 e-flex e-con-boxed e-con e-parent\" data-id=\"96e53e9\" data-element_type=\"container\" data-e-type=\"container\">\n\t\t\t\t\t<div class=\"e-con-inner\">\n\t\t\t\t<div class=\"elementor-element elementor-element-98f8d70 elementor-widget elementor-widget-image\" data-id=\"98f8d70\" data-element_type=\"widget\" data-e-type=\"widget\" id=\"March\" data-widget_type=\"image.default\">\n\t\t\t\t<div class=\"elementor-widget-container\">\n\t\t\t\t\t\t\t\t\t\t\t\t\t\t\t\t<a href=\"https:\/\/newhopendg.com\/wp-content\/uploads\/2026\/02\/FR-Spring-Program-\u201826-scaled.png\" data-elementor-open-lightbox=\"yes\" data-elementor-lightbox-title=\"ENG - Spring Program \u201826\" data-e-action-hash=\"#elementor-action%3Aaction%3Dlightbox%26settings%3DeyJpZCI6MzQxMiwidXJsIjoiaHR0cHM6XC9cL25ld2hvcGVuZGcuY29tXC93cC1jb250ZW50XC91cGxvYWRzXC8yMDI2XC8wMlwvRU5HLVNwcmluZy1Qcm9ncmFtLVx1MjAxODI2LXNjYWxlZC5wbmcifQ%3D%3D\">\n\t\t\t\t\t\t\t<img loading=\"lazy\" decoding=\"async\" width=\"1030\" height=\"796\" src=\"https:\/\/newhopendg.com\/wp-content\/uploads\/2026\/02\/FR-Spring-Program-\u201826-scaled.png\" class=\"attachment-large size-large wp-image-3412\" alt=\"\" srcset=\"https:\/\/newhopendg.com\/wp-content\/uploads\/2026\/02\/FR-Spring-Program-\u201826-scaled.png 2560w, https:\/\/newhopendg.com\/wp-content\/uploads\/2026\/02\/FR-Spring-Program-\u201826-300x232.png 300w, https:\/\/newhopendg.com\/wp-content\/uploads\/2026\/02\/FR-Spring-Program-\u201826-1030x796.png 1030w, https:\/\/newhopendg.com\/wp-content\/uploads\/2026\/02\/FR-Spring-Program-\u201826-768x593.png 768w, https:\/\/newhopendg.com\/wp-content\/uploads\/2026\/02\/FR-Spring-Program-\u201826-1536x1187.png 1536w, https:\/\/newhopendg.com\/wp-content\/uploads\/2026\/02\/FR-Spring-Program-\u201826-2048x1582.png 2048w, https:\/\/newhopendg.com\/wp-content\/uploads\/2026\/02\/FR-Spring-Program-\u201826-16x12.png 16w, https:\/\/newhopendg.com\/wp-content\/uploads\/2026\/02\/FR-Spring-Program-\u201826-1500x1159.png 1500w, https:\/\/newhopendg.com\/wp-content\/uploads\/2026\/02\/FR-Spring-Program-\u201826-705x545.png 705w\" sizes=\"(max-width: 1030px) 100vw, 1030px\" \/>\t\t\t\t\t\t\t\t<\/a>\n\t\t\t\t\t\t\t\t\t\t\t\t\t\t\t<\/div>\n\t\t\t\t<\/div>\n\t\t\t\t\t<\/div>\n\t\t\t\t<\/div>\n\t\t\t\t<\/div>","protected":false},"excerpt":{"rendered":"<p>Classes New Hope offers a variety of classes and activities on a quarterly schedule, with most courses running 6 to 12 weeks. These include physical, creative, and social programs that support wellness and community connection. Membership Information An annual membership is required to access all Day Programming and to register for classes. Beginning in January, [&hellip;]<\/p>\n","protected":false},"author":7,"featured_media":0,"parent":60,"menu_order":0,"comment_status":"closed","ping_status":"closed","template":"","meta":{"footnotes":""},"class_list":["post-3295","page","type-page","status-publish","hentry"],"_links":{"self":[{"href":"https:\/\/newhopendg.com\/fr\/wp-json\/wp\/v2\/pages\/3295","targetHints":{"allow":["GET"]}}],"collection":[{"href":"https:\/\/newhopendg.com\/fr\/wp-json\/wp\/v2\/pages"}],"about":[{"href":"https:\/\/newhopendg.com\/fr\/wp-json\/wp\/v2\/types\/page"}],"author":[{"embeddable":true,"href":"https:\/\/newhopendg.com\/fr\/wp-json\/wp\/v2\/users\/7"}],"replies":[{"embeddable":true,"href":"https:\/\/newhopendg.com\/fr\/wp-json\/wp\/v2\/comments?post=3295"}],"version-history":[{"count":96,"href":"https:\/\/newhopendg.com\/fr\/wp-json\/wp\/v2\/pages\/3295\/revisions"}],"predecessor-version":[{"id":3608,"href":"https:\/\/newhopendg.com\/fr\/wp-json\/wp\/v2\/pages\/3295\/revisions\/3608"}],"up":[{"embeddable":true,"href":"https:\/\/newhopendg.com\/fr\/wp-json\/wp\/v2\/pages\/60"}],"wp:attachment":[{"href":"https:\/\/newhopendg.com\/fr\/wp-json\/wp\/v2\/media?parent=3295"}],"curies":[{"name":"wp","href":"https:\/\/api.w.org\/{rel}","templated":true}]}}