{"id":2419,"date":"2024-11-06T11:25:14","date_gmt":"2024-11-06T16:25:14","guid":{"rendered":"https:\/\/newhopendg.com\/?page_id=2419"},"modified":"2025-12-12T17:51:23","modified_gmt":"2025-12-12T22:51:23","slug":"qada-hlm-project","status":"publish","type":"page","link":"https:\/\/newhopendg.com\/fr\/programs\/qada-hlm-project\/","title":{"rendered":"Projet QADA\/HLM"},"content":{"rendered":"<div class='flex_column av-1jp50-60470a412786f561b0f8f8ae8f80350e av_one_full  avia-builder-el-0  el_before_av_two_fifth  avia-builder-el-first  first flex_column_div'   ><style type=\"text\/css\" data-created_by=\"avia_inline_auto\" id=\"style-css-av-ksi2fvmf-0884fd67b1ee88e54445bcfe5f967fad\">\n.avia-image-container.av-ksi2fvmf-0884fd67b1ee88e54445bcfe5f967fad .av-image-caption-overlay-center{\ncolor:#ffffff;\n}\n<\/style>\n<div  class='avia-image-container av-ksi2fvmf-0884fd67b1ee88e54445bcfe5f967fad av-styling-no-styling avia_animated_image avia_animate_when_almost_visible fade-in avia-align-center  avia-builder-el-1  avia-builder-el-no-sibling'  itemprop=\"image\" itemscope=\"itemscope\" itemtype=\"https:\/\/schema.org\/ImageObject\" ><div class=\"avia-image-container-inner\"><div class=\"avia-image-overlay-wrap\"><img fetchpriority=\"high\" decoding=\"async\" class='wp-image-2425 avia-img-lazy-loading-not-2425 avia_image' src=\"https:\/\/newhopendg.com\/wp-content\/uploads\/2024\/11\/Mel-review-of-NH-1030x515.png\" alt='' title='Mel Critique de NH' height=\"515\"  width=\"1030\" itemprop=\"thumbnailUrl\"  srcset=\"https:\/\/newhopendg.com\/wp-content\/uploads\/2024\/11\/Mel-review-of-NH-1030x515.png 1030w, https:\/\/newhopendg.com\/wp-content\/uploads\/2024\/11\/Mel-review-of-NH-300x150.png 300w, https:\/\/newhopendg.com\/wp-content\/uploads\/2024\/11\/Mel-review-of-NH-768x384.png 768w, https:\/\/newhopendg.com\/wp-content\/uploads\/2024\/11\/Mel-review-of-NH-1536x768.png 1536w, https:\/\/newhopendg.com\/wp-content\/uploads\/2024\/11\/Mel-review-of-NH-2048x1024.png 2048w, https:\/\/newhopendg.com\/wp-content\/uploads\/2024\/11\/Mel-review-of-NH-18x9.png 18w, https:\/\/newhopendg.com\/wp-content\/uploads\/2024\/11\/Mel-review-of-NH-1500x750.png 1500w, https:\/\/newhopendg.com\/wp-content\/uploads\/2024\/11\/Mel-review-of-NH-705x353.png 705w\" sizes=\"(max-width: 1030px) 100vw, 1030px\" \/><\/div><\/div><\/div><\/div><div class='flex_column av-3ns6k-93555a90df824e9dcdace7f834fd28fe av_two_fifth  avia-builder-el-2  el_after_av_one_full  el_before_av_three_fifth  first flex_column_div column-top-margin'   ><p><section  class='av_textblock_section av-3j9ao-c8ea6bed8d19fb298135b14bb778007e'  itemscope=\"itemscope\" itemtype=\"https:\/\/schema.org\/CreativeWork\" ><div class='avia_textblock'  itemprop=\"text\" ><p>Espoir Nouveau, en collaboration avec le Depot Centre Communautaire d'Alimentation et avec la participation financi\u00e8re du gouvernement du Qu\u00e9bec dans le cadre du programme \"Qu\u00e9bec ami des a\u00een\u00e9s\", est fi\u00e8r de lancer un nouveau programme dans les HLM locaux !<\/p>\n<\/div><\/section><br \/>\n<section  class='av_textblock_section av-lrpb6kre-c9b151c8441af577bcf8e73de94e2a88'  itemscope=\"itemscope\" itemtype=\"https:\/\/schema.org\/CreativeWork\" ><div class='avia_textblock'  itemprop=\"text\" ><p>Le projet devrait d\u00e9buter en novembre 2024 dans 3 HLM : Girouard, Monkland et St Raymond, avec l'objectif d'inclure les HLM Terrebonne et Mayfair en janvier 2025.<\/p>\n<\/div><\/section><\/p><\/div><\/p>\n<div class='flex_column av-zyc4-1aefcf41a02caf2ad2a0c6a0a789aec5 av_three_fifth  avia-builder-el-5  el_after_av_two_fifth  el_before_av_two_fifth  flex_column_div column-top-margin'   ><section  class='av_textblock_section av-13pis-9c79089376b9c89c9579e4d1df1596b6'  itemscope=\"itemscope\" itemtype=\"https:\/\/schema.org\/CreativeWork\" ><div class='avia_textblock'  itemprop=\"text\" ><p><b>Le projet QADA\/HLM<\/b><\/p>\n<p>Ce projet vise \u00e0 mettre en place une <strong>march\u00e9 int\u00e9rieur et activit\u00e9s<\/strong> deux fois par mois dans chaque HLM de NDG.<\/p>\n<p>G\u00e9r\u00e9 par le<strong> Centre Communautaire d'Alimentation Le Depot,<\/strong> les mini-march\u00e9s fourniront des produits frais \u00e0 des prix subventionn\u00e9s pour les personnes \u00e2g\u00e9es. Parall\u00e8lement, <strong>le Centre Espoir Nouveau<\/strong> organisera des activit\u00e9s et des ateliers compl\u00e9mentaires ax\u00e9s sur l'art, le mouvement et les comp\u00e9tences pratiques.<\/p>\n<p>Ensemble, nous cherchons \u00e0 <strong>am\u00e9liorer la vie des personnes \u00e2g\u00e9es dans les HLM de NDG<\/strong> en r\u00e9duisant l'isolement, en am\u00e9liorant l'acc\u00e8s \u00e0 des aliments frais et diversifi\u00e9s et en encourageant des habitudes saines.<\/p>\n<\/div><\/section><\/div>\n<div class='flex_column av-1cuaw-a5ad02554788229c86b61233f32f751e av_two_fifth  avia-builder-el-7  el_after_av_three_fifth  el_before_av_three_fifth  first flex_column_div'   ><style type=\"text\/css\" data-created_by=\"avia_inline_auto\" id=\"style-css-av-wux0-a65d17b8335c890eab91400d13fb7560\">\n.avia-image-container.av-wux0-a65d17b8335c890eab91400d13fb7560 .av-image-caption-overlay-center{\ncolor:#ffffff;\n}\n<\/style>\n<div  class='avia-image-container av-wux0-a65d17b8335c890eab91400d13fb7560 av-styling-no-styling avia_animated_image avia_animate_when_almost_visible right-to-left avia-align-center  avia-builder-el-8  avia-builder-el-no-sibling'  itemprop=\"image\" itemscope=\"itemscope\" itemtype=\"https:\/\/schema.org\/ImageObject\" ><div class=\"avia-image-container-inner\"><div class=\"avia-image-overlay-wrap\"><img decoding=\"async\" class='wp-image-2395 avia-img-lazy-loading-not-2395 avia_image' src=\"https:\/\/newhopendg.com\/wp-content\/uploads\/2024\/10\/9-1030x1030.png\" alt='' title='9'  height=\"1030\" width=\"1030\"  itemprop=\"thumbnailUrl\" srcset=\"https:\/\/newhopendg.com\/wp-content\/uploads\/2024\/10\/9-1030x1030.png 1030w, https:\/\/newhopendg.com\/wp-content\/uploads\/2024\/10\/9-300x300.png 300w, https:\/\/newhopendg.com\/wp-content\/uploads\/2024\/10\/9-80x80.png 80w, https:\/\/newhopendg.com\/wp-content\/uploads\/2024\/10\/9-768x768.png 768w, https:\/\/newhopendg.com\/wp-content\/uploads\/2024\/10\/9-12x12.png 12w, https:\/\/newhopendg.com\/wp-content\/uploads\/2024\/10\/9-36x36.png 36w, https:\/\/newhopendg.com\/wp-content\/uploads\/2024\/10\/9-180x180.png 180w, https:\/\/newhopendg.com\/wp-content\/uploads\/2024\/10\/9-705x705.png 705w, https:\/\/newhopendg.com\/wp-content\/uploads\/2024\/10\/9.png 1500w\" sizes=\"(max-width: 1030px) 100vw, 1030px\" \/><\/div><\/div><\/div><\/div><div class='flex_column av-383ktv-6ae147b4a2aca5e799e908344f6191c5 av_three_fifth  avia-builder-el-9  el_after_av_two_fifth  el_before_av_one_full  flex_column_div  av-animated-generic pop-up'   ><\/div><\/p>\n<div class='flex_column av-av_one_full-82c421f339a928a8ac690ceea3cff6cb av_one_full  avia-builder-el-11  el_after_av_three_fifth  el_before_av_one_full  first flex_column_div'   ><section  class='av_textblock_section av-m33e1j5q-5221b92cbae4e4a9025b751fe9676816'  itemscope=\"itemscope\" itemtype=\"https:\/\/schema.org\/CreativeWork\" ><div class='avia_textblock'  itemprop=\"text\" ><\/div><\/section><\/div><div class='flex_column av-rm10-7e3499df046f677711a2379bed1313a7 av_one_full  avia-builder-el-13  el_after_av_one_full  avia-builder-el-last  first flex_column_div column-top-margin'   ><section  class='av_textblock_section av-m33dvz7a-7970346cd588a226dc4acfddfdb187e2'  itemscope=\"itemscope\" itemtype=\"https:\/\/schema.org\/CreativeWork\" ><div class='avia_textblock'  itemprop=\"text\" ><h3 style=\"text-align: center;\">Pour toute question ou information, n'h\u00e9sitez pas \u00e0 contacter <a href=\"mailto:programs@newhopendg.com\">programs@newhopendg.com<\/a>.<\/h3>\n<\/div><\/section><\/div><\/p>","protected":false},"excerpt":{"rendered":"","protected":false},"author":5,"featured_media":0,"parent":60,"menu_order":0,"comment_status":"closed","ping_status":"closed","template":"","meta":{"footnotes":""},"class_list":["post-2419","page","type-page","status-publish","hentry"],"_links":{"self":[{"href":"https:\/\/newhopendg.com\/fr\/wp-json\/wp\/v2\/pages\/2419","targetHints":{"allow":["GET"]}}],"collection":[{"href":"https:\/\/newhopendg.com\/fr\/wp-json\/wp\/v2\/pages"}],"about":[{"href":"https:\/\/newhopendg.com\/fr\/wp-json\/wp\/v2\/types\/page"}],"author":[{"embeddable":true,"href":"https:\/\/newhopendg.com\/fr\/wp-json\/wp\/v2\/users\/5"}],"replies":[{"embeddable":true,"href":"https:\/\/newhopendg.com\/fr\/wp-json\/wp\/v2\/comments?post=2419"}],"version-history":[{"count":14,"href":"https:\/\/newhopendg.com\/fr\/wp-json\/wp\/v2\/pages\/2419\/revisions"}],"predecessor-version":[{"id":2443,"href":"https:\/\/newhopendg.com\/fr\/wp-json\/wp\/v2\/pages\/2419\/revisions\/2443"}],"up":[{"embeddable":true,"href":"https:\/\/newhopendg.com\/fr\/wp-json\/wp\/v2\/pages\/60"}],"wp:attachment":[{"href":"https:\/\/newhopendg.com\/fr\/wp-json\/wp\/v2\/media?parent=2419"}],"curies":[{"name":"wp","href":"https:\/\/api.w.org\/{rel}","templated":true}]}}