{"id":2417,"date":"2024-11-06T11:25:14","date_gmt":"2024-11-06T16:25:14","guid":{"rendered":"https:\/\/newhopendg.com\/?page_id=2417"},"modified":"2026-03-16T15:13:50","modified_gmt":"2026-03-16T19:13:50","slug":"senior-wellness-initiative-chssn","status":"publish","type":"page","link":"https:\/\/newhopendg.com\/fr\/programs\/senior-wellness-initiative-chssn\/","title":{"rendered":"Senior Wellness Initiative\/CHSSN"},"content":{"rendered":"<div data-elementor-type=\"wp-page\" data-elementor-id=\"2417\" class=\"elementor elementor-2417\">\n\t\t\t\t<div class=\"elementor-element elementor-element-829da0e e-flex e-con-boxed e-con e-parent\" data-id=\"829da0e\" data-element_type=\"container\" data-e-type=\"container\">\n\t\t\t\t\t<div class=\"e-con-inner\">\n\t\t<div class=\"elementor-element elementor-element-347cd00 e-con-full e-flex e-con e-child\" data-id=\"347cd00\" data-element_type=\"container\" data-e-type=\"container\">\n\t\t\t\t<div class=\"elementor-element elementor-element-ec8e00d elementor-widget elementor-widget-image\" data-id=\"ec8e00d\" data-element_type=\"widget\" data-e-type=\"widget\" data-widget_type=\"image.default\">\n\t\t\t\t<div class=\"elementor-widget-container\">\n\t\t\t\t\t\t\t\t\t\t\t\t\t\t\t<img fetchpriority=\"high\" decoding=\"async\" width=\"1030\" height=\"515\" src=\"https:\/\/newhopendg.com\/wp-content\/uploads\/2025\/08\/header-SWI-website-1030x515.png\" class=\"attachment-large size-large wp-image-2689\" alt=\"\" srcset=\"https:\/\/newhopendg.com\/wp-content\/uploads\/2025\/08\/header-SWI-website-1030x515.png 1030w, https:\/\/newhopendg.com\/wp-content\/uploads\/2025\/08\/header-SWI-website-300x150.png 300w, https:\/\/newhopendg.com\/wp-content\/uploads\/2025\/08\/header-SWI-website-768x384.png 768w, https:\/\/newhopendg.com\/wp-content\/uploads\/2025\/08\/header-SWI-website-1536x768.png 1536w, https:\/\/newhopendg.com\/wp-content\/uploads\/2025\/08\/header-SWI-website-2048x1024.png 2048w, https:\/\/newhopendg.com\/wp-content\/uploads\/2025\/08\/header-SWI-website-18x9.png 18w, https:\/\/newhopendg.com\/wp-content\/uploads\/2025\/08\/header-SWI-website-1500x750.png 1500w, https:\/\/newhopendg.com\/wp-content\/uploads\/2025\/08\/header-SWI-website-705x353.png 705w\" sizes=\"(max-width: 1030px) 100vw, 1030px\" \/>\t\t\t\t\t\t\t\t\t\t\t\t\t\t\t<\/div>\n\t\t\t\t<\/div>\n\t\t\t\t<\/div>\n\t\t\t\t\t<\/div>\n\t\t\t\t<\/div>\n\t\t<div class=\"elementor-element elementor-element-6a98444 e-flex e-con-boxed e-con e-parent\" data-id=\"6a98444\" data-element_type=\"container\" data-e-type=\"container\">\n\t\t\t\t\t<div class=\"e-con-inner\">\n\t\t<div class=\"elementor-element elementor-element-6308230 e-con-full e-flex e-con e-child\" data-id=\"6308230\" data-element_type=\"container\" data-e-type=\"container\">\n\t\t\t\t<div class=\"elementor-element elementor-element-d55fec2 elementor-widget elementor-widget-text-editor\" data-id=\"d55fec2\" data-element_type=\"widget\" data-e-type=\"widget\" data-widget_type=\"text-editor.default\">\n\t\t\t\t<div class=\"elementor-widget-container\">\n\t\t\t\t\t\t\t\t\t<p style=\"text-align: center;\" class=\"translation-block\">Espoir Nouveau est heureux de proposer l'initiative Senior Wellness, qui offre des activit\u00e9s amusantes, d'\u00e9ducation \u00e0 la sant\u00e9 et de promotion de la sant\u00e9 aux personnes \u00e2g\u00e9es anglophones, ici m\u00eame dans notre communaut\u00e9.<\/p><p style=\"text-align: center;\" class=\"translation-block\">L\u2019Initiative sur le bien-\u00eatre pour les a\u00een\u00e9s est financ\u00e9e par le <strong>CHSSN<\/strong> et le <strong>Secr\u00e9tariat aux relations avec les Qu\u00e9b\u00e9cois d\u2019expression anglaise<\/strong>.<\/p>\t\t\t\t\t\t\t\t<\/div>\n\t\t\t\t<\/div>\n\t\t\t\t<\/div>\n\t\t\t\t\t<\/div>\n\t\t\t\t<\/div>\n\t\t<div class=\"elementor-element elementor-element-7e864a0 e-flex e-con-boxed e-con e-parent\" data-id=\"7e864a0\" data-element_type=\"container\" data-e-type=\"container\">\n\t\t\t\t\t<div class=\"e-con-inner\">\n\t\t<div class=\"elementor-element elementor-element-cce12ed e-con-full e-flex e-con e-child\" data-id=\"cce12ed\" data-element_type=\"container\" data-e-type=\"container\">\n\t\t\t\t<div class=\"elementor-element elementor-element-d6a0161 elementor-widget elementor-widget-text-editor\" data-id=\"d6a0161\" data-element_type=\"widget\" data-e-type=\"widget\" data-widget_type=\"text-editor.default\">\n\t\t\t\t<div class=\"elementor-widget-container\">\n\t\t\t\t\t\t\t\t\t<p style=\"text-align: center;\" class=\"translation-block\">Lanc\u00e9e en septembre 2024, la <strong>Senior Wellness Initiative<\/strong> propose des activit\u00e9s anim\u00e9es en anglais deux fois par mois qui sont <strong>toujours un peu diff\u00e9rentes<\/strong>\u2014parfois relaxantes, parfois \u00e9nergisantes, mais toujours accueillantes. Une s\u00e9ance peut vous offrir un High Tea ou une m\u00e9ditation douce; la suivante pourrait vous faire danser sur de la musique entra\u00eenante, d\u00e9couvrir des conseils en sant\u00e9 et en nutrition, rencontrer un chien-guide, en apprendre davantage sur les ressources communautaires, ou m\u00eame essayer un nouvel artisanat amusant ou une \u00ab bouch\u00e9e inusit\u00e9e \u00bb venant des quatre coins du monde.<\/p><p style=\"text-align: center;\" class=\"translation-block\">Ces activit\u00e9s sont con\u00e7ues non seulement pour partager des informations utiles sur les services de sant\u00e9 et les services sociaux, mais aussi pour \u00e9veiller la curiosit\u00e9, encourager de nouvelles amiti\u00e9s et r\u00e9duire l\u2019isolement dans un espace chaleureux et bienveillant. <strong>Que vous veniez pour apprendre, rire, bouger ou simplement cr\u00e9er des liens, chaque rencontre apporte une nouvelle surprise et un endroit accueillant o\u00f9 vous sentir \u00e0 votre place.<\/strong><\/p><p style=\"text-align: center;\" class=\"translation-block\"><strong>Toutes les activit\u00e9s<\/strong> de la Senior Wellness Initiative <strong>sont enti\u00e8rement gratuites<\/strong> et ouvertes aux personnes de <strong>50 ans et plus<\/strong>. <strong>L\u2019inscription est requise<\/strong>, mais vous \u00eates libre de choisir les activit\u00e9s qui vous int\u00e9ressent le plus \u2014 il n\u2019est pas n\u00e9cessaire de s\u2019inscrire \u00e0 tout le programme. Il suffit de r\u00e9server votre place, de venir tel que vous \u00eates et de profiter de l\u2019exp\u00e9rience qui vous convient le mieux.<\/p>\t\t\t\t\t\t\t\t<\/div>\n\t\t\t\t<\/div>\n\t\t\t\t<\/div>\n\t\t<div class=\"elementor-element elementor-element-d28834c e-con-full e-flex e-con e-child\" data-id=\"d28834c\" data-element_type=\"container\" data-e-type=\"container\">\n\t\t\t\t<div class=\"elementor-element elementor-element-eafc74a elementor-widget elementor-widget-image\" data-id=\"eafc74a\" data-element_type=\"widget\" data-e-type=\"widget\" data-widget_type=\"image.default\">\n\t\t\t\t<div class=\"elementor-widget-container\">\n\t\t\t\t\t\t\t\t\t\t\t\t\t\t\t\t<a href=\"https:\/\/newhopendg.com\/wp-content\/uploads\/2026\/03\/Calendar_5_-April_Bi.png\" data-elementor-open-lightbox=\"yes\" data-elementor-lightbox-title=\"Calendar_5_ April_Bi\" data-e-action-hash=\"#elementor-action%3Aaction%3Dlightbox%26settings%3DeyJpZCI6MzUyMiwidXJsIjoiaHR0cHM6XC9cL25ld2hvcGVuZGcuY29tXC93cC1jb250ZW50XC91cGxvYWRzXC8yMDI2XC8wM1wvQ2FsZW5kYXJfNV8tQXByaWxfQmkucG5nIn0%3D\">\n\t\t\t\t\t\t\t<img decoding=\"async\" width=\"796\" height=\"1030\" src=\"https:\/\/newhopendg.com\/wp-content\/uploads\/2026\/03\/Calendar_5_-April_Bi-796x1030.png\" class=\"attachment-large size-large wp-image-3522\" alt=\"\" srcset=\"https:\/\/newhopendg.com\/wp-content\/uploads\/2026\/03\/Calendar_5_-April_Bi-796x1030.png 796w, https:\/\/newhopendg.com\/wp-content\/uploads\/2026\/03\/Calendar_5_-April_Bi-232x300.png 232w, https:\/\/newhopendg.com\/wp-content\/uploads\/2026\/03\/Calendar_5_-April_Bi-768x994.png 768w, https:\/\/newhopendg.com\/wp-content\/uploads\/2026\/03\/Calendar_5_-April_Bi-1187x1536.png 1187w, https:\/\/newhopendg.com\/wp-content\/uploads\/2026\/03\/Calendar_5_-April_Bi-9x12.png 9w, https:\/\/newhopendg.com\/wp-content\/uploads\/2026\/03\/Calendar_5_-April_Bi-1159x1500.png 1159w, https:\/\/newhopendg.com\/wp-content\/uploads\/2026\/03\/Calendar_5_-April_Bi-545x705.png 545w, https:\/\/newhopendg.com\/wp-content\/uploads\/2026\/03\/Calendar_5_-April_Bi.png 1545w\" sizes=\"(max-width: 796px) 100vw, 796px\" \/>\t\t\t\t\t\t\t\t<\/a>\n\t\t\t\t\t\t\t\t\t\t\t\t\t\t\t<\/div>\n\t\t\t\t<\/div>\n\t\t\t\t<\/div>\n\t\t<div class=\"elementor-element elementor-element-7989d6c e-con-full e-flex e-con e-child\" data-id=\"7989d6c\" data-element_type=\"container\" data-e-type=\"container\">\n\t\t\t\t<div class=\"elementor-element elementor-element-4a1be16 elementor-align-justify elementor-widget elementor-widget-button\" data-id=\"4a1be16\" data-element_type=\"widget\" data-e-type=\"widget\" data-widget_type=\"button.default\">\n\t\t\t\t<div class=\"elementor-widget-container\">\n\t\t\t\t\t\t\t\t\t<div class=\"elementor-button-wrapper\">\n\t\t\t\t\t<a class=\"elementor-button elementor-button-link elementor-size-sm\" href=\"https:\/\/tinyurl.com\/NewhopeSWI25\" target=\"_blank\">\n\t\t\t\t\t\t<span class=\"elementor-button-content-wrapper\">\n\t\t\t\t\t\t\t\t\t<span class=\"elementor-button-text\">Cliquez ici pour vous inscrire<\/span>\n\t\t\t\t\t<\/span>\n\t\t\t\t\t<\/a>\n\t\t\t\t<\/div>\n\t\t\t\t\t\t\t\t<\/div>\n\t\t\t\t<\/div>\n\t\t\t\t<div class=\"elementor-element elementor-element-2aef8fa elementor-align-justify elementor-widget elementor-widget-button\" data-id=\"2aef8fa\" data-element_type=\"widget\" data-e-type=\"widget\" data-widget_type=\"button.default\">\n\t\t\t\t<div class=\"elementor-widget-container\">\n\t\t\t\t\t\t\t\t\t<div class=\"elementor-button-wrapper\">\n\t\t\t\t\t<a class=\"elementor-button elementor-button-link elementor-size-sm\" href=\"mailto:programs@newhopendg.com\">\n\t\t\t\t\t\t<span class=\"elementor-button-content-wrapper\">\n\t\t\t\t\t\t\t\t\t<span class=\"elementor-button-text\">Cliquez ici pour nous \u00e9crire un courriel ou communiquez avec nous \u00e0 programs@newhopendg.com<\/span>\n\t\t\t\t\t<\/span>\n\t\t\t\t\t<\/a>\n\t\t\t\t<\/div>\n\t\t\t\t\t\t\t\t<\/div>\n\t\t\t\t<\/div>\n\t\t\t\t<div class=\"elementor-element elementor-element-2b6aa94 elementor-align-justify elementor-widget elementor-widget-button\" data-id=\"2b6aa94\" data-element_type=\"widget\" data-e-type=\"widget\" data-widget_type=\"button.default\">\n\t\t\t\t<div class=\"elementor-widget-container\">\n\t\t\t\t\t\t\t\t\t<div class=\"elementor-button-wrapper\">\n\t\t\t\t\t<a class=\"elementor-button elementor-button-link elementor-size-sm\" href=\"tel:5144840425\">\n\t\t\t\t\t\t<span class=\"elementor-button-content-wrapper\">\n\t\t\t\t\t\t\t\t\t<span class=\"elementor-button-text\">Cliquez ici pour nous appeler ou composez le 514 484 0425 poste 3<\/span>\n\t\t\t\t\t<\/span>\n\t\t\t\t\t<\/a>\n\t\t\t\t<\/div>\n\t\t\t\t\t\t\t\t<\/div>\n\t\t\t\t<\/div>\n\t\t\t\t<\/div>\n\t\t\t\t\t<\/div>\n\t\t\t\t<\/div>\n\t\t\t\t<\/div>","protected":false},"excerpt":{"rendered":"<p>New Hope is excited to offer the Senior Wellness Initiative, bringing fun, health education, and health promotion activities to English-speaking seniors right here in our community. The Senior Wellness Initiative is funded by the CHSSN and the Secr\u00e9tariat aux relations avec les Qu\u00e9b\u00e9cois d\u2019expression anglaise. Launched in September 2024, the Senior Wellness Initiative offers lively [&hellip;]<\/p>\n","protected":false},"author":5,"featured_media":0,"parent":60,"menu_order":0,"comment_status":"closed","ping_status":"closed","template":"","meta":{"footnotes":""},"class_list":["post-2417","page","type-page","status-publish","hentry"],"_links":{"self":[{"href":"https:\/\/newhopendg.com\/fr\/wp-json\/wp\/v2\/pages\/2417","targetHints":{"allow":["GET"]}}],"collection":[{"href":"https:\/\/newhopendg.com\/fr\/wp-json\/wp\/v2\/pages"}],"about":[{"href":"https:\/\/newhopendg.com\/fr\/wp-json\/wp\/v2\/types\/page"}],"author":[{"embeddable":true,"href":"https:\/\/newhopendg.com\/fr\/wp-json\/wp\/v2\/users\/5"}],"replies":[{"embeddable":true,"href":"https:\/\/newhopendg.com\/fr\/wp-json\/wp\/v2\/comments?post=2417"}],"version-history":[{"count":89,"href":"https:\/\/newhopendg.com\/fr\/wp-json\/wp\/v2\/pages\/2417\/revisions"}],"predecessor-version":[{"id":3525,"href":"https:\/\/newhopendg.com\/fr\/wp-json\/wp\/v2\/pages\/2417\/revisions\/3525"}],"up":[{"embeddable":true,"href":"https:\/\/newhopendg.com\/fr\/wp-json\/wp\/v2\/pages\/60"}],"wp:attachment":[{"href":"https:\/\/newhopendg.com\/fr\/wp-json\/wp\/v2\/media?parent=2417"}],"curies":[{"name":"wp","href":"https:\/\/api.w.org\/{rel}","templated":true}]}}