{"id":161,"date":"2016-08-01T20:53:28","date_gmt":"2016-08-01T20:53:28","guid":{"rendered":"http:\/\/frenziiartsmedia.com\/newhope\/?page_id=161"},"modified":"2026-04-09T15:26:24","modified_gmt":"2026-04-09T19:26:24","slug":"donation","status":"publish","type":"page","link":"https:\/\/newhopendg.com\/fr\/donation\/","title":{"rendered":"Donnez"},"content":{"rendered":"<style type=\"text\/css\" data-created_by=\"avia_inline_auto\" id=\"style-css-av-ksjaxn6s-45d17e469f62ac8dcfb90adcf9134a40\">\n.avia-image-container.av-ksjaxn6s-45d17e469f62ac8dcfb90adcf9134a40 .av-image-caption-overlay-center{\ncolor:#ffffff;\n}\n<\/style>\n<div  class='avia-image-container av-ksjaxn6s-45d17e469f62ac8dcfb90adcf9134a40 av-styling-no-styling avia_animated_image avia_animate_when_almost_visible top-to-bottom avia-align-center  avia-builder-el-0  el_before_av_one_fifth  avia-builder-el-first'  itemprop=\"image\" itemscope=\"itemscope\" itemtype=\"https:\/\/schema.org\/ImageObject\" ><div class=\"avia-image-container-inner\"><div class=\"avia-image-overlay-wrap\"><img fetchpriority=\"high\" decoding=\"async\" class='wp-image-1253 avia-img-lazy-loading-not-1253 avia_image' src=\"https:\/\/newhopendg.com\/wp-content\/uploads\/2021\/08\/header_donation.jpg\" alt='' title='en-t\u00eate_donation' height=\"452\"  width=\"1075\" itemprop=\"thumbnailUrl\"  srcset=\"https:\/\/newhopendg.com\/wp-content\/uploads\/2021\/08\/header_donation.jpg 1075w, https:\/\/newhopendg.com\/wp-content\/uploads\/2021\/08\/header_donation-300x126.jpg 300w, https:\/\/newhopendg.com\/wp-content\/uploads\/2021\/08\/header_donation-1030x433.jpg 1030w, https:\/\/newhopendg.com\/wp-content\/uploads\/2021\/08\/header_donation-768x323.jpg 768w, https:\/\/newhopendg.com\/wp-content\/uploads\/2021\/08\/header_donation-705x296.jpg 705w\" sizes=\"(max-width: 1075px) 100vw, 1075px\" \/><\/div><\/div><\/div>\n<div class='flex_column av-bn435-493a804e141d335c05c92354fea9cc96 av_one_fifth  avia-builder-el-1  el_after_av_image  el_before_av_three_fifth  first flex_column_div'   ><\/div>\n<div class='flex_column av-ti2ox-35c1308358afdaaa0f13e30981cbf782 av_three_fifth  avia-builder-el-2  el_after_av_one_fifth  el_before_av_one_fifth  flex_column_div'   ><section  class='av_textblock_section av-ksjb0ofd-07055cd8a6fab7a729a3f19a4e7f2f74'  itemscope=\"itemscope\" itemtype=\"https:\/\/schema.org\/CreativeWork\" ><div class='avia_textblock'  itemprop=\"text\" ><h2>Dons g\u00e9n\u00e9raux<\/h2>\n<p>Merci d'avoir pris le temps de faire un don \u00e0 notre organisation. Vos dons nous aident \u00e0 maintenir et \u00e0 am\u00e9liorer les programmes et les services que nous offrons \u00e0 la communaut\u00e9 des a\u00een\u00e9s. Sans votre soutien continu, nous ne pourrions pas rendre la communaut\u00e9 des a\u00een\u00e9s plus forte et plus saine. Nous acceptons les dons en ligne ou les ch\u00e8ques par la poste. Veuillez utiliser le num\u00e9ro de t\u00e9l\u00e9phone et l'adresse suivants.<\/p>\n<p>Nous vous remercions encore une fois et nous appr\u00e9cions votre soutien.<\/p>\n<\/div><\/section><br \/>\n<div  class='hr av-9ig21-c16c8a75267f1be1df94fa7901052425 hr-default  avia-builder-el-4  el_after_av_textblock  el_before_av_button_big  avia-builder-el-last'><span class='hr-inner'><span class=\"hr-inner-style\"><\/span><\/span><\/div><br \/>\n<div  class='avia-button-wrap avia-button-center  avia-builder-el-5  el_after_av_hr  avia-builder-el-last' >\n<style type=\"text\/css\" data-created_by=\"avia_inline_auto\" id=\"style-css-av-mm2crpa2-c4a4b4d31ae611f9fb9ba3af372c1f94\">\n@keyframes av_sonarEffect_av-mm2crpa2-c4a4b4d31ae611f9fb9ba3af372c1f94 {\n  0% {opacity: 0.3;}\n 40% {opacity: 0.5; box-shadow: 0 0 0 2px rgba(255,255,255,0.1), 0 0 10px 10px #ffffff, 0 0 0 10px rgba(255,255,255,0.5);}\n100% {opacity: 0; box-shadow: 0 0 0 2px rgba(255,255,255,0.1), 0 0 10px 10px #ffffff, 0 0 0 10px rgba(255,255,255,0.5); -webkit-transform: scale(1.5); transform: scale(1.5);}\n}\n@-webkit-keyframes av_sonarEffect_av-mm2crpa2-c4a4b4d31ae611f9fb9ba3af372c1f94 {\n  0% {opacity: 0.3;}\n 40% {opacity: 0.5; box-shadow: 0 0 0 2px rgba(255,255,255,0.1), 0 0 10px 10px #ffffff, 0 0 0 10px rgba(255,255,255,0.5);}\n100% {opacity: 0; box-shadow: 0 0 0 2px rgba(255,255,255,0.1), 0 0 10px 10px #ffffff, 0 0 0 10px rgba(255,255,255,0.5); -webkit-transform: scale(1.5); transform: scale(1.5);}\n}\n#top #wrap_all .avia-button.av-mm2crpa2-c4a4b4d31ae611f9fb9ba3af372c1f94:hover{\ncolor:white;\ntransition:all 0.4s ease-in-out;\n-webkit-transition:all 0.4s ease-in-out;\n-moz-transition:all 0.4s ease-in-out;\n-ms-transition:all 0.4s ease-in-out;\n-o-transition:all 0.4s ease-in-out;\n}\n.avia-button.av-mm2crpa2-c4a4b4d31ae611f9fb9ba3af372c1f94.avia-sonar-shadow:hover:after{\nanimation:av_sonarEffect_av-mm2crpa2-c4a4b4d31ae611f9fb9ba3af372c1f94 1s ease-in-out .1s infinite;\n-webkit-animation:av_sonarEffect_av-mm2crpa2-c4a4b4d31ae611f9fb9ba3af372c1f94 1s ease-in-out .1s infinite;\n-moz-animation:av_sonarEffect_av-mm2crpa2-c4a4b4d31ae611f9fb9ba3af372c1f94 1s ease-in-out .1s infinite;\n-o-animation:av_sonarEffect_av-mm2crpa2-c4a4b4d31ae611f9fb9ba3af372c1f94 1s ease-in-out .1s infinite;\n}\n<\/style>\n<a href='https:\/\/www.canadahelps.org\/fr\/organismesdebienfaisance\/newhope\/' class='avia-color-theme-color avia-font-color-theme-color avia-sonar-shadow avia-button avia-button-fullwidth av-mm2crpa2-c4a4b4d31ae611f9fb9ba3af372c1f94 avia-icon_select-no avia-color-theme-color' target=\"_blank\" rel=\"noopener noreferrer\"><span class='avia_iconbox_title' >Cliquez ici pour faire un don<\/span><span class='avia_button_background avia-button avia-button-fullwidth avia-color-theme-color-highlight'><\/span><\/a><\/div><\/p><\/div><div class='flex_column av-gjbg9-e8385a3923cc871b18e151ba108bdf98 av_one_fifth  avia-builder-el-6  el_after_av_three_fifth  el_before_av_one_fifth  flex_column_div'   ><\/div><\/p>\n<div class='flex_column av-8sqwh-46255e7cd5b9c8b0a0a3171dd9fdd40d av_one_fifth  avia-builder-el-7  el_after_av_one_fifth  el_before_av_three_fifth  first flex_column_div column-top-margin'   ><\/div>\n<div class='flex_column av-13ro8x-759a9c68368e6d9e58c581f459602ef4 av_three_fifth  avia-builder-el-8  el_after_av_one_fifth  el_before_av_one_fifth  flex_column_div column-top-margin'   ><p><div  class='hr av-w7okx-d284796e3129583e8059ae03308f78cf hr-default  avia-builder-el-9  el_before_av_textblock  avia-builder-el-first'><span class='hr-inner'><span class=\"hr-inner-style\"><\/span><\/span><\/div><br \/>\n<section  class='av_textblock_section av-onckh-cfbbee80bc6bf509fd5b24401d781638'  itemscope=\"itemscope\" itemtype=\"https:\/\/schema.org\/CreativeWork\" ><div class='avia_textblock'  itemprop=\"text\" ><h2 data-start=\"77\" data-end=\"387\"><strong data-start=\"77\" data-end=\"111\">Souper-B\u00e9n\u00e9fice Automnal 2025<\/strong><\/h2>\n<p data-start=\"77\" data-end=\"387\">Join us on <strong>Friday, October 17, 2025<\/strong>, at <strong data-start=\"160\" data-end=\"171\">6:00 PM<\/strong> for our annual Harvest Supper at the New Hope Senior Citizens\u2019 Centre. Enjoy a delicious meal, live entertainment, and a chance to connect with friends while supporting vital programs for seniors in our community.<\/p>\n<p data-start=\"389\" data-end=\"704\" class=\"translation-block\">Les billets seront en vente \u00e0 partir du <strong data-start=\"417\" data-end=\"436\">25 ao\u00fbt 2025<\/strong> et peuvent \u00eatre achet\u00e9s via le lien ci-dessous. Si vous ne pouvez pas assister, vous pouvez toujours nous soutenir en faisant un don g\u00e9n\u00e9ral ou en achetant un billet de parrainage pour aider \u00e0 couvrir le co\u00fbt pour l\u2019un de nos New Hopers. Chaque contribution fait une diff\u00e9rence \u2014 merci pour votre g\u00e9n\u00e9rosit\u00e9 !<\/p>\n<p data-start=\"389\" data-end=\"704\" class=\"translation-block\"><strong>Mise \u00e0 jour :<\/strong> Conform\u00e9ment \u00e0 sa mission et \u00e0 ses valeurs, Espoir nouveau \u2013 centre pour personnes \u00e2g\u00e9es a d\u00e9cid\u00e9 de remettre une partie des ventes du Souper-b\u00e9n\u00e9fice automnal afin de soutenir les 16 familles touch\u00e9es par l\u2019incendie de Westmore du 5 septembre.<\/p>\n<\/div><\/section><br \/>\n<div  class='hr av-kkmxl-490e9028b824c60a5f3b343b2867f277 hr-default  avia-builder-el-11  el_after_av_textblock  avia-builder-el-last'><span class='hr-inner'><span class=\"hr-inner-style\"><\/span><\/span><\/div><\/p><\/div>\n<div class='flex_column av-287vux-bed84d9e2438809fc50dd53fb16b787d av_one_fifth  avia-builder-el-12  el_after_av_three_fifth  el_before_av_one_fifth  flex_column_div column-top-margin'   ><style type=\"text\/css\" data-created_by=\"avia_inline_auto\" id=\"style-css-av-24yrt5-5b3ebbb33e33a24a7381173fcfe7cdb2\">\n.avia-image-container.av-24yrt5-5b3ebbb33e33a24a7381173fcfe7cdb2 .av-image-caption-overlay-center{\ncolor:#ffffff;\n}\n<\/style>\n<div  class='avia-image-container av-24yrt5-5b3ebbb33e33a24a7381173fcfe7cdb2 av-styling- avia-align-left  avia-builder-el-13  avia-builder-el-no-sibling'  itemprop=\"image\" itemscope=\"itemscope\" itemtype=\"https:\/\/schema.org\/ImageObject\" ><div class=\"avia-image-container-inner\"><div class=\"avia-image-overlay-wrap\"><img decoding=\"async\" class='wp-image-1240 avia-img-lazy-loading-not-1240 avia_image' src=\"https:\/\/newhopendg.com\/wp-content\/uploads\/2021\/08\/women-door-220x300.png\" alt='' title='porte des femmes'  height=\"300\" width=\"220\"  itemprop=\"thumbnailUrl\" srcset=\"https:\/\/newhopendg.com\/wp-content\/uploads\/2021\/08\/women-door-220x300.png 220w, https:\/\/newhopendg.com\/wp-content\/uploads\/2021\/08\/women-door-517x705.png 517w, https:\/\/newhopendg.com\/wp-content\/uploads\/2021\/08\/women-door.png 659w\" sizes=\"(max-width: 220px) 100vw, 220px\" \/><\/div><\/div><\/div><\/div>\n<div class='flex_column av-1h0f21-f5b535f001ecfc6f6384c44ddbe5566f av_one_fifth  avia-builder-el-14  el_after_av_one_fifth  el_before_av_one_fifth  first flex_column_div column-top-margin'   ><\/div>\n<div class='flex_column av-173tv5-e7b1c111c920671181d3c78d02e78c9a av_one_fifth  avia-builder-el-15  el_after_av_one_fifth  el_before_av_one_fifth  flex_column_div column-top-margin'   ><\/div>\n<div class='flex_column av-6owyp-1db1b3171fd31c2de19cfc72556782b3 av_one_fifth  avia-builder-el-16  el_after_av_one_fifth  el_before_av_one_full  flex_column_div column-top-margin'   ><\/div>\n<div class='flex_column av-99rk1-d83328ae104f3a40fd10c87112d9c966 av_one_full  avia-builder-el-17  el_after_av_one_fifth  avia-builder-el-last  first flex_column_div column-top-margin'   ><section  class='av_textblock_section av-ksjb8nfg-58121ac22da3368d8836c82b08871cb3'  itemscope=\"itemscope\" itemtype=\"https:\/\/schema.org\/CreativeWork\" ><div class='avia_textblock announcement'  itemprop=\"text\" ><form action=\"https:\/\/www.paypal.com\/cgi-bin\/webscr\" method=\"post\" target=\"_top\">\n<p style=\"text-align: center;\"><strong>Espoir nouveau centre pour personnes a\u00een\u00e9es<\/strong><\/p>\n<p style=\"text-align: center;\">6225 avenue Godfrey<br \/>\nMontr\u00e9al. Qu\u00e9bec<br \/>\nH4B 1K3<br \/>\nT\u00c9L : (514) 484-0425<br \/>\nFAX : (514) 484-3469<\/p>\n<\/form>\n<\/div><\/section><\/div>","protected":false},"excerpt":{"rendered":"","protected":false},"author":1,"featured_media":0,"parent":0,"menu_order":0,"comment_status":"closed","ping_status":"closed","template":"","meta":{"footnotes":""},"class_list":["post-161","page","type-page","status-publish","hentry"],"_links":{"self":[{"href":"https:\/\/newhopendg.com\/fr\/wp-json\/wp\/v2\/pages\/161","targetHints":{"allow":["GET"]}}],"collection":[{"href":"https:\/\/newhopendg.com\/fr\/wp-json\/wp\/v2\/pages"}],"about":[{"href":"https:\/\/newhopendg.com\/fr\/wp-json\/wp\/v2\/types\/page"}],"author":[{"embeddable":true,"href":"https:\/\/newhopendg.com\/fr\/wp-json\/wp\/v2\/users\/1"}],"replies":[{"embeddable":true,"href":"https:\/\/newhopendg.com\/fr\/wp-json\/wp\/v2\/comments?post=161"}],"version-history":[{"count":31,"href":"https:\/\/newhopendg.com\/fr\/wp-json\/wp\/v2\/pages\/161\/revisions"}],"predecessor-version":[{"id":3622,"href":"https:\/\/newhopendg.com\/fr\/wp-json\/wp\/v2\/pages\/161\/revisions\/3622"}],"wp:attachment":[{"href":"https:\/\/newhopendg.com\/fr\/wp-json\/wp\/v2\/media?parent=161"}],"curies":[{"name":"wp","href":"https:\/\/api.w.org\/{rel}","templated":true}]}}