{"id":1259,"date":"2021-08-20T17:36:18","date_gmt":"2021-08-20T21:36:18","guid":{"rendered":"https:\/\/newhopendg.com\/?page_id=1259"},"modified":"2026-04-10T10:56:46","modified_gmt":"2026-04-10T14:56:46","slug":"about","status":"publish","type":"page","link":"https:\/\/newhopendg.com\/fr\/about\/","title":{"rendered":"\u00c0 propos"},"content":{"rendered":"<div data-elementor-type=\"wp-page\" data-elementor-id=\"1259\" class=\"elementor elementor-1259\">\n\t\t\t\t<div class=\"elementor-element elementor-element-ede8d94 e-flex e-con-boxed e-con e-parent\" data-id=\"ede8d94\" data-element_type=\"container\" data-e-type=\"container\">\n\t\t\t\t\t<div class=\"e-con-inner\">\n\t\t<div class=\"elementor-element elementor-element-8d8b981 e-con-full e-flex e-con e-child\" data-id=\"8d8b981\" data-element_type=\"container\" data-e-type=\"container\">\n\t\t\t\t<div class=\"elementor-element elementor-element-0cbef7b elementor-widget elementor-widget-heading\" data-id=\"0cbef7b\" data-element_type=\"widget\" data-e-type=\"widget\" data-widget_type=\"heading.default\">\n\t\t\t\t<div class=\"elementor-widget-container\">\n\t\t\t\t\t<h2 class=\"elementor-heading-title elementor-size-default\"><h2>Conseil d'administration :<span style=\"font-family: Helvetica, sans-serif;font-size: 28px;font-weight: 600\"><\/span><\/h2><\/h2>\t\t\t\t<\/div>\n\t\t\t\t<\/div>\n\t\t\t\t<div class=\"elementor-element elementor-element-a419821 elementor-widget elementor-widget-text-editor\" data-id=\"a419821\" data-element_type=\"widget\" data-e-type=\"widget\" data-widget_type=\"text-editor.default\">\n\t\t\t\t<div class=\"elementor-widget-container\">\n\t\t\t\t\t\t\t\t\t<p><strong>Pr\u00e9sidente :<\/strong> Marjory Northrop<\/p><p><strong>Vice-pr\u00e9sident :<\/strong> Michel Confortante<\/p><p><strong>Secr\u00e9taire :<\/strong> Ania Spakowski<\/p><p><strong>Tr\u00e9sorier :<\/strong> Bruce Cameron<\/p><p><strong>Les membres : <\/strong>Laura Kobayashi, John Dutton, Jillian Whitt<\/p>\t\t\t\t\t\t\t\t<\/div>\n\t\t\t\t<\/div>\n\t\t\t\t<\/div>\n\t\t<div class=\"elementor-element elementor-element-6ae9e49 e-con-full e-flex e-con e-child\" data-id=\"6ae9e49\" data-element_type=\"container\" data-e-type=\"container\">\n\t\t\t\t<div class=\"elementor-element elementor-element-6bd7fcf elementor-widget elementor-widget-image\" data-id=\"6bd7fcf\" data-element_type=\"widget\" data-e-type=\"widget\" data-widget_type=\"image.default\">\n\t\t\t\t<div class=\"elementor-widget-container\">\n\t\t\t\t\t\t\t\t\t\t\t\t\t\t\t<img fetchpriority=\"high\" decoding=\"async\" width=\"938\" height=\"500\" src=\"https:\/\/newhopendg.com\/wp-content\/uploads\/2025\/07\/panchina.png\" class=\"attachment-large size-large wp-image-2648\" alt=\"\" srcset=\"https:\/\/newhopendg.com\/wp-content\/uploads\/2025\/07\/panchina.png 938w, https:\/\/newhopendg.com\/wp-content\/uploads\/2025\/07\/panchina-300x160.png 300w, https:\/\/newhopendg.com\/wp-content\/uploads\/2025\/07\/panchina-768x409.png 768w, https:\/\/newhopendg.com\/wp-content\/uploads\/2025\/07\/panchina-18x10.png 18w, https:\/\/newhopendg.com\/wp-content\/uploads\/2025\/07\/panchina-705x376.png 705w\" sizes=\"(max-width: 938px) 100vw, 938px\" \/>\t\t\t\t\t\t\t\t\t\t\t\t\t\t\t<\/div>\n\t\t\t\t<\/div>\n\t\t\t\t<\/div>\n\t\t\t\t\t<\/div>\n\t\t\t\t<\/div>\n\t\t<div class=\"elementor-element elementor-element-afbbcd1 e-flex e-con-boxed e-con e-parent\" data-id=\"afbbcd1\" data-element_type=\"container\" data-e-type=\"container\">\n\t\t\t\t\t<div class=\"e-con-inner\">\n\t\t\t\t<div class=\"elementor-element elementor-element-6505274 elementor-widget elementor-widget-heading\" data-id=\"6505274\" data-element_type=\"widget\" data-e-type=\"widget\" data-widget_type=\"heading.default\">\n\t\t\t\t<div class=\"elementor-widget-container\">\n\t\t\t\t\t<h2 class=\"elementor-heading-title elementor-size-default\">Notre mission<\/h2>\t\t\t\t<\/div>\n\t\t\t\t<\/div>\n\t\t\t\t<div class=\"elementor-element elementor-element-530624b elementor-widget elementor-widget-text-editor\" data-id=\"530624b\" data-element_type=\"widget\" data-e-type=\"widget\" data-widget_type=\"text-editor.default\">\n\t\t\t\t<div class=\"elementor-widget-container\">\n\t\t\t\t\t\t\t\t\t<p><style>\na {<br \/>\n    text-decoration: none;<br \/>\n    color: #464feb;<br \/>\n}<br \/>\ntr th, tr td {<br \/>\n    border: 1px solid #e6e6e6;<br \/>\n}<br \/>\ntr th {<br \/>\n    background-color: #f5f5f5;<br \/>\n}<br \/>\n<\/style><\/p><div><p class=\"translation-block\"><strong>Le centre pour personnes \u00e2g\u00e9es Espoir nouveau<\/strong> est un organisme communautaire sans but lucratif qui dessert la population \u00e2g\u00e9e de Notre-Dame-de-Gr\u00e2ce (N.D.G.).<\/p><p>Espoir Nouveau aspire \u00e0 fournir un environnement convivial o\u00f9 les personnes \u00e2g\u00e9es peuvent s\u2019\u00e9panouir gr\u00e2ce \u00e0 une vari\u00e9t\u00e9 de services et d\u2019activit\u00e9s sociaux et communautaires.<\/p><p>En favorisant l\u2019acc\u00e8s au b\u00e9n\u00e9volat, \u00e0 l\u2019engagement civique et \u00e0 d\u2019autres services, Espoir Nouveau vise \u00e0 briser l\u2019isolement et \u00e0 favoriser la sant\u00e9 globale de la communaut\u00e9, au profit du bien\u2011\u00eatre g\u00e9n\u00e9ral de la population vieillissante.<\/p><\/div>\t\t\t\t\t\t\t\t<\/div>\n\t\t\t\t<\/div>\n\t\t\t\t\t<\/div>\n\t\t\t\t<\/div>\n\t\t<div class=\"elementor-element elementor-element-2396039 e-flex e-con-boxed e-con e-parent\" data-id=\"2396039\" data-element_type=\"container\" data-e-type=\"container\">\n\t\t\t\t\t<div class=\"e-con-inner\">\n\t\t<div class=\"elementor-element elementor-element-1462caf e-con-full e-flex e-con e-child\" data-id=\"1462caf\" data-element_type=\"container\" data-e-type=\"container\">\n\t\t\t\t<div class=\"elementor-element elementor-element-c958cca elementor-widget elementor-widget-spacer\" data-id=\"c958cca\" data-element_type=\"widget\" data-e-type=\"widget\" data-widget_type=\"spacer.default\">\n\t\t\t\t<div class=\"elementor-widget-container\">\n\t\t\t\t\t\t\t<div class=\"elementor-spacer\">\n\t\t\t<div class=\"elementor-spacer-inner\"><\/div>\n\t\t<\/div>\n\t\t\t\t\t\t<\/div>\n\t\t\t\t<\/div>\n\t\t\t\t<div class=\"elementor-element elementor-element-41eb01a elementor-widget elementor-widget-heading\" data-id=\"41eb01a\" data-element_type=\"widget\" data-e-type=\"widget\" data-widget_type=\"heading.default\">\n\t\t\t\t<div class=\"elementor-widget-container\">\n\t\t\t\t\t<h2 class=\"elementor-heading-title elementor-size-default\"><!--StartFragment--><span data-olk-copy-source=\"MessageBody\">Grandissons ensemble \u2014 Membres du conseil recherch\u00e9s!<\/span><!--EndFragment--><\/h2>\t\t\t\t<\/div>\n\t\t\t\t<\/div>\n\t\t\t\t<div class=\"elementor-element elementor-element-d106f3c elementor-widget elementor-widget-text-editor\" data-id=\"d106f3c\" data-element_type=\"widget\" data-e-type=\"widget\" data-widget_type=\"text-editor.default\">\n\t\t\t\t<div class=\"elementor-widget-container\">\n\t\t\t\t\t\t\t\t\t<p class=\"x_x_x_x_elementToProof\" data-olk-copy-source=\"MessageBody\">Le Centre pour personnes \u00e2g\u00e9es Espoir Nouveau\u00a0entre dans une p\u00e9riode stimulante de croissance et d\u2019expansion et invite des membres engag\u00e9s de la communaut\u00e9 \u00e0 se joindre \u00e0 son conseil d\u2019administration.<\/p><p class=\"x_x_x_x_elementToProof\">Alors que nous d\u00e9veloppons nos programmes et services, nous recherchons des personnes d\u00e9sireuses de jouer un r\u00f4le actif dans l\u2019orientation de l\u2019avenir de notre centre. Il s\u2019agit d\u2019une excellente occasion de mettre \u00e0 profit votre exp\u00e9rience, votre point de vue et votre passion pour le soutien des personnes \u00e2g\u00e9es de notre communaut\u00e9.<\/p>\t\t\t\t\t\t\t\t<\/div>\n\t\t\t\t<\/div>\n\t\t\t\t<\/div>\n\t\t\t\t\t<\/div>\n\t\t\t\t<\/div>\n\t\t<div class=\"elementor-element elementor-element-d539434 e-flex e-con-boxed e-con e-parent\" data-id=\"d539434\" data-element_type=\"container\" data-e-type=\"container\">\n\t\t\t\t\t<div class=\"e-con-inner\">\n\t\t<div class=\"elementor-element elementor-element-84fa416 e-con-full e-flex e-con e-child\" data-id=\"84fa416\" data-element_type=\"container\" data-e-type=\"container\">\n\t\t\t\t<div class=\"elementor-element elementor-element-5345c55 elementor-widget elementor-widget-text-editor\" data-id=\"5345c55\" data-element_type=\"widget\" data-e-type=\"widget\" data-widget_type=\"text-editor.default\">\n\t\t\t\t<div class=\"elementor-widget-container\">\n\t\t\t\t\t\t\t\t\t<p><strong>R\u00f4le des membres du conseil<\/strong><\/p><p class=\"translation-block\">\u2013 Proposer des id\u00e9es, partager de l\u2019exp\u00e9rience et offrir une perspective communautaire<br>\n\u2013 Soutenir une croissance responsable et durable<br>\n\u2013 Participer aux r\u00e9unions du conseil et collaborer avec les autres membres<\/p><p class=\"x_x_x_x_elementToProof\">Aucune exp\u00e9rience pr\u00e9alable au sein d\u2019un conseil d\u2019administration n\u2019est requise \u2014 nous valorisons avant tout la volont\u00e9 d\u2019apprendre, de s\u2019impliquer et de soutenir notre mission.<\/p>\t\t\t\t\t\t\t\t<\/div>\n\t\t\t\t<\/div>\n\t\t\t\t<\/div>\n\t\t<div class=\"elementor-element elementor-element-c37841e e-con-full e-flex e-con e-child\" data-id=\"c37841e\" data-element_type=\"container\" data-e-type=\"container\">\n\t\t\t\t<div class=\"elementor-element elementor-element-9b1aef9 elementor-widget elementor-widget-text-editor\" data-id=\"9b1aef9\" data-element_type=\"widget\" data-e-type=\"widget\" data-widget_type=\"text-editor.default\">\n\t\t\t\t<div class=\"elementor-widget-container\">\n\t\t\t\t\t\t\t\t\t<p><strong>Pourquoi vous joindre \u00e0 nous pendant cette p\u00e9riode d\u2019expansion?<\/strong><\/p><p class=\"translation-block\">\u2013 Faire partie d\u2019un nouveau chapitre stimulant pour Espoir Nouveau<br>\n\u2013 Contribuer \u00e0 fa\u00e7onner des programmes qui servent et enrichissent la vie des personnes \u00e2g\u00e9es<br>\n\u2013 Travailler aux c\u00f4t\u00e9s d\u2019une \u00e9quipe de direction engag\u00e9e et bienveillante<br>\n\u2013 Avoir un impact significatif et durable dans votre communaut\u00e9<\/p>\t\t\t\t\t\t\t\t<\/div>\n\t\t\t\t<\/div>\n\t\t\t\t<\/div>\n\t\t\t\t\t<\/div>\n\t\t\t\t<\/div>\n\t\t<div class=\"elementor-element elementor-element-1804af8 e-flex e-con-boxed e-con e-parent\" data-id=\"1804af8\" data-element_type=\"container\" data-e-type=\"container\">\n\t\t\t\t\t<div class=\"e-con-inner\">\n\t\t\t\t<div class=\"elementor-element elementor-element-4938bbd elementor-widget elementor-widget-text-editor\" data-id=\"4938bbd\" data-element_type=\"widget\" data-e-type=\"widget\" data-widget_type=\"text-editor.default\">\n\t\t\t\t<div class=\"elementor-widget-container\">\n\t\t\t\t\t\t\t\t\t<h2>\u00a0<\/h2><h2 class=\"x_x_x_x_elementToProof\"><strong>Comment postuler ?<\/strong><\/h2><p class=\"x_x_x_x_elementToProof translation-block\">Si vous souhaitez si\u00e9ger \u00e0 notre conseil d\u2019administration, veuillez soumettre votre candidature d\u2019ici le<b> 1er mai 2026 :<\/b><\/p><p class=\"x_x_x_x_elementToProof translation-block\">\u2013 Une br\u00e8ve lettre d\u2019int\u00e9r\u00eat<br>\n\u2013 Votre CV ou curriculum vitae<\/p>\t\t\t\t\t\t\t\t<\/div>\n\t\t\t\t<\/div>\n\t\t\t\t<div class=\"elementor-element elementor-element-c8ede7a elementor-align-justify elementor-widget elementor-widget-button\" data-id=\"c8ede7a\" data-element_type=\"widget\" data-e-type=\"widget\" data-widget_type=\"button.default\">\n\t\t\t\t<div class=\"elementor-widget-container\">\n\t\t\t\t\t\t\t\t\t<div class=\"elementor-button-wrapper\">\n\t\t\t\t\t<a class=\"elementor-button elementor-button-link elementor-size-sm elementor-animation-pulse-grow\" href=\"https:\/\/forms.office.com\/r\/pAgKWmPf9H\">\n\t\t\t\t\t\t<span class=\"elementor-button-content-wrapper\">\n\t\t\t\t\t\t\t\t\t<span class=\"elementor-button-text\">Cliquez ici pour soumettre votre candidature<\/span>\n\t\t\t\t\t<\/span>\n\t\t\t\t\t<\/a>\n\t\t\t\t<\/div>\n\t\t\t\t\t\t\t\t<\/div>\n\t\t\t\t<\/div>\n\t\t\t\t<div class=\"elementor-element elementor-element-6cec2b8 elementor-widget elementor-widget-spacer\" data-id=\"6cec2b8\" data-element_type=\"widget\" data-e-type=\"widget\" data-widget_type=\"spacer.default\">\n\t\t\t\t<div class=\"elementor-widget-container\">\n\t\t\t\t\t\t\t<div class=\"elementor-spacer\">\n\t\t\t<div class=\"elementor-spacer-inner\"><\/div>\n\t\t<\/div>\n\t\t\t\t\t\t<\/div>\n\t\t\t\t<\/div>\n\t\t\t\t\t<\/div>\n\t\t\t\t<\/div>\n\t\t\t\t<\/div>","protected":false},"excerpt":{"rendered":"<p>Board of Directors: President: Marjory Northrop Vice President: Michel Confortante Secretary: Ania Spakowski Treasurer: Bruce Cameron Members: Laura Kobayashi, John Dutton, Jillian Whitt Our Mission New Hope Senior Citizens\u2019 Centre is a grassroots non-profit community organization serving the senior population of Notre-Dame-de-Gr\u00e2ce (N.D.G.). New Hope aspires to provide a friendly environment where seniors can thrive [&hellip;]<\/p>\n","protected":false},"author":4,"featured_media":0,"parent":0,"menu_order":0,"comment_status":"closed","ping_status":"closed","template":"","meta":{"footnotes":""},"class_list":["post-1259","page","type-page","status-publish","hentry"],"_links":{"self":[{"href":"https:\/\/newhopendg.com\/fr\/wp-json\/wp\/v2\/pages\/1259","targetHints":{"allow":["GET"]}}],"collection":[{"href":"https:\/\/newhopendg.com\/fr\/wp-json\/wp\/v2\/pages"}],"about":[{"href":"https:\/\/newhopendg.com\/fr\/wp-json\/wp\/v2\/types\/page"}],"author":[{"embeddable":true,"href":"https:\/\/newhopendg.com\/fr\/wp-json\/wp\/v2\/users\/4"}],"replies":[{"embeddable":true,"href":"https:\/\/newhopendg.com\/fr\/wp-json\/wp\/v2\/comments?post=1259"}],"version-history":[{"count":29,"href":"https:\/\/newhopendg.com\/fr\/wp-json\/wp\/v2\/pages\/1259\/revisions"}],"predecessor-version":[{"id":3632,"href":"https:\/\/newhopendg.com\/fr\/wp-json\/wp\/v2\/pages\/1259\/revisions\/3632"}],"wp:attachment":[{"href":"https:\/\/newhopendg.com\/fr\/wp-json\/wp\/v2\/media?parent=1259"}],"curies":[{"name":"wp","href":"https:\/\/api.w.org\/{rel}","templated":true}]}}